{"id":1362,"date":"2025-09-02T22:25:41","date_gmt":"2025-09-03T01:25:41","guid":{"rendered":"https:\/\/probest.cl\/?page_id=1362"},"modified":"2025-09-06T19:38:03","modified_gmt":"2025-09-06T22:38:03","slug":"ciberseguridad","status":"publish","type":"page","link":"https:\/\/probest.cl\/?page_id=1362","title":{"rendered":"Ciberseguridad"},"content":{"rendered":"\t\t<div data-elementor-type=\"wp-page\" data-elementor-id=\"1362\" class=\"elementor elementor-1362\" data-elementor-post-type=\"page\">\n\t\t\t\t\t\t<section class=\"elementor-section elementor-top-section elementor-element elementor-element-ba5818f elementor-section-boxed elementor-section-height-default elementor-section-height-default\" data-id=\"ba5818f\" data-element_type=\"section\" data-e-type=\"section\">\n\t\t\t\t\t\t<div class=\"elementor-container elementor-column-gap-default\">\n\t\t\t\t\t<div class=\"elementor-column elementor-col-100 elementor-top-column elementor-element elementor-element-6e42603\" data-id=\"6e42603\" data-element_type=\"column\" data-e-type=\"column\">\n\t\t\t<div class=\"elementor-widget-wrap elementor-element-populated\">\n\t\t\t\t\t\t<div class=\"elementor-element elementor-element-c434450 elementor-widget elementor-widget-heading\" data-id=\"c434450\" data-element_type=\"widget\" data-e-type=\"widget\" data-widget_type=\"heading.default\">\n\t\t\t\t<div class=\"elementor-widget-container\">\n\t\t\t\t\t<h2 class=\"elementor-heading-title elementor-size-default\">Ciberseguridad<\/h2>\t\t\t\t<\/div>\n\t\t\t\t<\/div>\n\t\t\t\t\t<\/div>\n\t\t<\/div>\n\t\t\t\t\t<\/div>\n\t\t<\/section>\n\t\t\t\t<section class=\"elementor-section elementor-top-section elementor-element elementor-element-957eda4 elementor-section-boxed elementor-section-height-default elementor-section-height-default\" data-id=\"957eda4\" data-element_type=\"section\" data-e-type=\"section\">\n\t\t\t\t\t\t<div class=\"elementor-container elementor-column-gap-default\">\n\t\t\t\t\t<div class=\"elementor-column elementor-col-50 elementor-top-column elementor-element elementor-element-917d73f\" data-id=\"917d73f\" data-element_type=\"column\" data-e-type=\"column\">\n\t\t\t<div class=\"elementor-widget-wrap elementor-element-populated\">\n\t\t\t\t\t\t<div class=\"elementor-element elementor-element-36d1504 elementor-widget elementor-widget-image\" data-id=\"36d1504\" data-element_type=\"widget\" data-e-type=\"widget\" data-widget_type=\"image.default\">\n\t\t\t\t<div class=\"elementor-widget-container\">\n\t\t\t\t\t\t\t\t\t\t\t\t\t\t\t<img fetchpriority=\"high\" decoding=\"async\" width=\"940\" height=\"788\" src=\"https:\/\/probest.cl\/wp-content\/uploads\/2025\/09\/7.png\" class=\"attachment-large size-large wp-image-1387\" alt=\"\" srcset=\"https:\/\/probest.cl\/wp-content\/uploads\/2025\/09\/7.png 940w, https:\/\/probest.cl\/wp-content\/uploads\/2025\/09\/7-600x503.png 600w, https:\/\/probest.cl\/wp-content\/uploads\/2025\/09\/7-300x251.png 300w, https:\/\/probest.cl\/wp-content\/uploads\/2025\/09\/7-768x644.png 768w\" sizes=\"(max-width: 940px) 100vw, 940px\" \/>\t\t\t\t\t\t\t\t\t\t\t\t\t\t\t<\/div>\n\t\t\t\t<\/div>\n\t\t\t\t\t<\/div>\n\t\t<\/div>\n\t\t\t\t<div class=\"elementor-column elementor-col-50 elementor-top-column elementor-element elementor-element-0b8fdf2\" data-id=\"0b8fdf2\" data-element_type=\"column\" data-e-type=\"column\">\n\t\t\t<div class=\"elementor-widget-wrap elementor-element-populated\">\n\t\t\t\t\t\t<div class=\"elementor-element elementor-element-d316a77 elementor-widget elementor-widget-text-editor\" data-id=\"d316a77\" data-element_type=\"widget\" data-e-type=\"widget\" data-widget_type=\"text-editor.default\">\n\t\t\t\t<div class=\"elementor-widget-container\">\n\t\t\t\t\t\t\t\t\t<p>Como complemento estrat\u00e9gico de nuestros servicios de <strong>Seguridad de la Informaci\u00f3n (ISO 27001)<\/strong> y <strong>Protecci\u00f3n de Datos (Ley 21.719)<\/strong>, ofrecemos la <strong>tecnolog\u00eda m\u00e1s avanzada y la experiencia necesaria<\/strong> para la <strong>detecci\u00f3n y prevenci\u00f3n de vulnerabilidades<\/strong>, protegiendo a su organizaci\u00f3n frente a ciberataques y filtraciones de informaci\u00f3n.<\/p><p>Los grandes incidentes de ciberseguridad suelen tener un origen com\u00fan: <strong>vulnerabilidades no identificadas<\/strong> en las redes internas o externas. Estas pueden incluir parches de seguridad pendientes, uso de protocolos y aplicaciones obsoletas (como Telnet) o debilidades conocidas en la infraestructura de hardware y software.<\/p><p>Con nuestras <strong>herramientas de escaneo de clase mundial<\/strong> y un equipo experto en seguridad, identificamos de forma proactiva las brechas que podr\u00edan comprometer su negocio. Adem\u00e1s, implementamos y revisamos los <strong>Controles Tecnol\u00f3gicos<\/strong> necesarios para garantizar la <strong>Confidencialidad, Integridad y Disponibilidad<\/strong> de la informaci\u00f3n, asegurando que su organizaci\u00f3n cumpla con los m\u00e1s altos est\u00e1ndares internacionales.<\/p><p><strong>Proteja su negocio antes de que sea noticia.<\/strong> Nuestro servicio le ofrece <strong>tranquilidad, cumplimiento y resiliencia<\/strong>, respaldados por m\u00e1s de 15 a\u00f1os de experiencia en el sector.<\/p>\t\t\t\t\t\t\t\t<\/div>\n\t\t\t\t<\/div>\n\t\t\t\t\t<\/div>\n\t\t<\/div>\n\t\t\t\t\t<\/div>\n\t\t<\/section>\n\t\t\t\t<\/div>\n\t\t","protected":false},"excerpt":{"rendered":"<p>Ciberseguridad Como complemento estrat\u00e9gico de nuestros servicios de Seguridad de la Informaci\u00f3n (ISO 27001) y Protecci\u00f3n de Datos (Ley 21.719), ofrecemos la tecnolog\u00eda m\u00e1s avanzada y la experiencia necesaria para la detecci\u00f3n y prevenci\u00f3n de vulnerabilidades, protegiendo a su organizaci\u00f3n frente a ciberataques y filtraciones de informaci\u00f3n. Los grandes incidentes de ciberseguridad suelen tener un [&hellip;]<\/p>\n","protected":false},"author":1,"featured_media":0,"parent":0,"menu_order":0,"comment_status":"closed","ping_status":"closed","template":"","meta":{"site-sidebar-layout":"no-sidebar","site-content-layout":"page-builder","ast-site-content-layout":"full-width-container","site-content-style":"default","site-sidebar-style":"default","ast-global-header-display":"","ast-banner-title-visibility":"","ast-main-header-display":"","ast-hfb-above-header-display":"","ast-hfb-below-header-display":"","ast-hfb-mobile-header-display":"","site-post-title":"disabled","ast-breadcrumbs-content":"","ast-featured-img":"disabled","footer-sml-layout":"","theme-transparent-header-meta":"","adv-header-id-meta":"","stick-header-meta":"","header-above-stick-meta":"","header-main-stick-meta":"","header-below-stick-meta":"","astra-migrate-meta-layouts":"set","ast-page-background-enabled":"default","ast-page-background-meta":{"desktop":{"background-color":"var(--ast-global-color-4)","background-image":"","background-repeat":"repeat","background-position":"center center","background-size":"auto","background-attachment":"scroll","background-type":"","background-media":"","overlay-type":"","overlay-color":"","overlay-opacity":"","overlay-gradient":""},"tablet":{"background-color":"","background-image":"","background-repeat":"repeat","background-position":"center center","background-size":"auto","background-attachment":"scroll","background-type":"","background-media":"","overlay-type":"","overlay-color":"","overlay-opacity":"","overlay-gradient":""},"mobile":{"background-color":"","background-image":"","background-repeat":"repeat","background-position":"center center","background-size":"auto","background-attachment":"scroll","background-type":"","background-media":"","overlay-type":"","overlay-color":"","overlay-opacity":"","overlay-gradient":""}},"ast-content-background-meta":{"desktop":{"background-color":"var(--ast-global-color-5)","background-image":"","background-repeat":"repeat","background-position":"center center","background-size":"auto","background-attachment":"scroll","background-type":"","background-media":"","overlay-type":"","overlay-color":"","overlay-opacity":"","overlay-gradient":""},"tablet":{"background-color":"var(--ast-global-color-5)","background-image":"","background-repeat":"repeat","background-position":"center center","background-size":"auto","background-attachment":"scroll","background-type":"","background-media":"","overlay-type":"","overlay-color":"","overlay-opacity":"","overlay-gradient":""},"mobile":{"background-color":"var(--ast-global-color-5)","background-image":"","background-repeat":"repeat","background-position":"center center","background-size":"auto","background-attachment":"scroll","background-type":"","background-media":"","overlay-type":"","overlay-color":"","overlay-opacity":"","overlay-gradient":""}},"footnotes":""},"class_list":["post-1362","page","type-page","status-publish","hentry"],"jetpack_sharing_enabled":true,"_links":{"self":[{"href":"https:\/\/probest.cl\/index.php?rest_route=\/wp\/v2\/pages\/1362","targetHints":{"allow":["GET"]}}],"collection":[{"href":"https:\/\/probest.cl\/index.php?rest_route=\/wp\/v2\/pages"}],"about":[{"href":"https:\/\/probest.cl\/index.php?rest_route=\/wp\/v2\/types\/page"}],"author":[{"embeddable":true,"href":"https:\/\/probest.cl\/index.php?rest_route=\/wp\/v2\/users\/1"}],"replies":[{"embeddable":true,"href":"https:\/\/probest.cl\/index.php?rest_route=%2Fwp%2Fv2%2Fcomments&post=1362"}],"version-history":[{"count":5,"href":"https:\/\/probest.cl\/index.php?rest_route=\/wp\/v2\/pages\/1362\/revisions"}],"predecessor-version":[{"id":1503,"href":"https:\/\/probest.cl\/index.php?rest_route=\/wp\/v2\/pages\/1362\/revisions\/1503"}],"wp:attachment":[{"href":"https:\/\/probest.cl\/index.php?rest_route=%2Fwp%2Fv2%2Fmedia&parent=1362"}],"curies":[{"name":"wp","href":"https:\/\/api.w.org\/{rel}","templated":true}]}}